{"id":2641,"date":"2023-11-23T14:38:54","date_gmt":"2023-11-23T12:38:54","guid":{"rendered":"https:\/\/msprestigeservice.com\/?page_id=2641"},"modified":"2025-12-10T19:32:42","modified_gmt":"2025-12-10T17:32:42","slug":"transport-evenementiel","status":"publish","type":"page","link":"https:\/\/msprestigeservice.com\/fr\/transport-evenementiel\/","title":{"rendered":"Transport \u00c9v\u00e9nementiel de Luxe"},"content":{"rendered":"\n<section id=\"wp-block-themeisle-blocks-advanced-columns-9f8848a6\" class=\"wp-block-themeisle-blocks-advanced-columns alignfull has-2-columns has-desktop-equal-layout has-tablet-equal-layout has-mobile-collapsedRows-layout has-vertical-center ticss-72926c8e\"><div class=\"wp-block-themeisle-blocks-advanced-columns-overlay\"><\/div><div class=\"innerblocks-wrap\">\n<div id=\"wp-block-themeisle-blocks-advanced-column-cedf80ca\" class=\"wp-block-themeisle-blocks-advanced-column\">\n<h1 id=\"wp-block-themeisle-blocks-advanced-heading-a211570b\" class=\"wp-block-themeisle-blocks-advanced-heading wp-block-themeisle-blocks-advanced-heading-a211570b\"><strong>Transport \u00c9v\u00e9nementiel Haut de Gamme avec Chauffeur Priv\u00e9<\/strong><\/h1>\n\n\n\n<div class=\"wp-block-stackable-heading stk-block-heading stk-block-heading--v2 stk-block stk-a442e99\" id=\"gestion-du-transport-pour-les-evenements-prives-et-dentreprises-dans-le-sud-de-la-france-et-les-alpes\" data-block-id=\"a442e99\"><style>.stk-a442e99 .stk-block-heading__text{font-size:18px !important;color:#ffffff !important;}@media screen and (max-width:999px){.stk-a442e99 .stk-block-heading__text{font-size:18px !important;}}<\/style><h2 class=\"stk-block-heading__text has-text-color\">Gestion du transport pour les \u00e9v\u00e9nements priv\u00e9s et d&rsquo;entreprises dans le sud de la France et les Alpes.<\/h2><\/div>\n\n\n\n<p class=\"has-text-align-left has-palette-color-8-color has-text-color\">Votre chauffeur vous attendra \u00e0 l&rsquo;heure et au lieu convenu. Pour votre commodit\u00e9, le nom et le num\u00e9ro de t\u00e9l\u00e9phone du chauffeur vous sera envoy\u00e9 la veille de votre transfert r\u00e9serv\u00e9. \u00c0 l&rsquo;a\u00e9roport ou \u00e0 la gare, le chauffeur vous attendra avec une pancarte avec votre nom, le nom de votre entreprise ou une autre d\u00e9signation de votre choix.<\/p>\n\n\n\n<div class=\"wp-block-buttons is-content-justification-left is-layout-flex wp-container-core-buttons-is-layout-fc4fd283 wp-block-buttons-is-layout-flex\">\n<div class=\"wp-block-button is-style-primary\"><a class=\"wp-block-button__link has-black-color has-white-background-color has-text-color has-background has-link-color wp-element-button\" href=\"https:\/\/wa.me\/33777964933\">R\u00e9servez maintenant<\/a><\/div>\n<\/div>\n<\/div>\n\n\n\n<div id=\"wp-block-themeisle-blocks-advanced-column-f45a6a18\" class=\"wp-block-themeisle-blocks-advanced-column\">\n<div class=\"wp-block-stackable-carousel stk-block-carousel stk--is-fade stk--arrows-justify-space-between stk--arrows-align-center stk-block stk-a486dc2\" data-slides-to-show=\"\" data-block-id=\"a486dc2\"><style>.stk-a486dc2 {--transition-duration:1s !important;}.stk-a486dc2 .stk-block-carousel__button{background:#00000000 !important;fill:#ffffff !important;}.stk-a486dc2 .stk-block-carousel__button svg.ugb-custom-icon :is(g, path, rect, polygon, ellipse){fill:#ffffff !important;}<\/style><div class=\"stk-block-carousel__content-wrapper\"><div class=\"stk-row stk-inner-blocks stk-block-content stk-block-carousel__slider-wrapper stk-content-align stk-a486dc2-column\"><div class=\"stk-block-carousel__slider\" role=\"list\" data-autoplay=\"4000\" data-label-slide-of=\"Slide %%d of %%d\">\n<div class=\"wp-block-stackable-column stk-block-column stk-column stk-block stk-8e3ad2a\" data-v=\"4\" data-block-id=\"8e3ad2a\"><div class=\"stk-column-wrapper stk-block-column__content stk-container stk-8e3ad2a-container stk--no-background stk--no-padding\"><div class=\"stk-block-content stk-inner-blocks stk-8e3ad2a-inner-blocks\">\n<figure class=\"wp-block-image size-large\"><img loading=\"lazy\" decoding=\"async\" width=\"768\" height=\"1024\" src=\"https:\/\/msprestigeservice.com\/wp-content\/uploads\/2023\/11\/IMG_3998-768x1024.jpg\" alt=\"MS PRESTIGE SERVICE - Service Limousine\" class=\"wp-image-2612\" srcset=\"https:\/\/msprestigeservice.com\/wp-content\/uploads\/2023\/11\/IMG_3998-768x1024.jpg 768w, https:\/\/msprestigeservice.com\/wp-content\/uploads\/2023\/11\/IMG_3998-225x300.jpg 225w, https:\/\/msprestigeservice.com\/wp-content\/uploads\/2023\/11\/IMG_3998.jpg 960w\" sizes=\"auto, (max-width: 768px) 100vw, 768px\" \/><\/figure>\n<\/div><\/div><\/div>\n\n\n\n<div class=\"wp-block-stackable-column stk-block-column stk-column stk-block stk-60ee9ed\" data-v=\"4\" data-block-id=\"60ee9ed\"><div class=\"stk-column-wrapper stk-block-column__content stk-container stk-60ee9ed-container stk--no-background stk--no-padding\"><div class=\"stk-block-content stk-inner-blocks stk-60ee9ed-inner-blocks\">\n<figure class=\"wp-block-image size-large\"><img loading=\"lazy\" decoding=\"async\" width=\"768\" height=\"1024\" src=\"https:\/\/msprestigeservice.com\/wp-content\/uploads\/2023\/11\/IMG_3996-768x1024.jpg\" alt=\"MS PRESTIGE SERVICE - Transports \u00e9v\u00e8nements\" class=\"wp-image-2606\" srcset=\"https:\/\/msprestigeservice.com\/wp-content\/uploads\/2023\/11\/IMG_3996-768x1024.jpg 768w, https:\/\/msprestigeservice.com\/wp-content\/uploads\/2023\/11\/IMG_3996-225x300.jpg 225w, https:\/\/msprestigeservice.com\/wp-content\/uploads\/2023\/11\/IMG_3996.jpg 960w\" sizes=\"auto, (max-width: 768px) 100vw, 768px\" \/><\/figure>\n<\/div><\/div><\/div>\n\n\n\n<div class=\"wp-block-stackable-column stk-block-column stk-column stk-block stk-6e55313\" data-v=\"4\" data-block-id=\"6e55313\"><div class=\"stk-column-wrapper stk-block-column__content stk-container stk-6e55313-container stk--no-background stk--no-padding\"><div class=\"stk-block-content stk-inner-blocks stk-6e55313-inner-blocks\">\n<figure class=\"wp-block-image size-large\"><img loading=\"lazy\" decoding=\"async\" width=\"768\" height=\"1024\" src=\"https:\/\/msprestigeservice.com\/wp-content\/uploads\/2023\/11\/IMG_3995-768x1024.jpg\" alt=\"MS PRESTIGE SERVICE - Transports \u00e9v\u00e8nements\" class=\"wp-image-2603\" srcset=\"https:\/\/msprestigeservice.com\/wp-content\/uploads\/2023\/11\/IMG_3995-768x1024.jpg 768w, https:\/\/msprestigeservice.com\/wp-content\/uploads\/2023\/11\/IMG_3995-225x300.jpg 225w, https:\/\/msprestigeservice.com\/wp-content\/uploads\/2023\/11\/IMG_3995.jpg 960w\" sizes=\"auto, (max-width: 768px) 100vw, 768px\" \/><\/figure>\n<\/div><\/div><\/div>\n\n\n\n<div class=\"wp-block-stackable-column stk-block-column stk-column stk-block stk-d574ad2\" data-v=\"4\" data-block-id=\"d574ad2\"><div class=\"stk-column-wrapper stk-block-column__content stk-container stk-d574ad2-container stk--no-background stk--no-padding\"><div class=\"stk-block-content stk-inner-blocks stk-d574ad2-inner-blocks\">\n<figure class=\"wp-block-image size-large\"><img loading=\"lazy\" decoding=\"async\" width=\"768\" height=\"1024\" src=\"https:\/\/msprestigeservice.com\/wp-content\/uploads\/2023\/11\/IMG_3997-768x1024.jpg\" alt=\"MS PRESTIGE SERVICE - Service Limousine\" class=\"wp-image-2609\" srcset=\"https:\/\/msprestigeservice.com\/wp-content\/uploads\/2023\/11\/IMG_3997-768x1024.jpg 768w, https:\/\/msprestigeservice.com\/wp-content\/uploads\/2023\/11\/IMG_3997-225x300.jpg 225w, https:\/\/msprestigeservice.com\/wp-content\/uploads\/2023\/11\/IMG_3997.jpg 960w\" sizes=\"auto, (max-width: 768px) 100vw, 768px\" \/><\/figure>\n<\/div><\/div><\/div>\n<\/div><div class=\"stk-block-carousel__buttons\"><button class=\"stk-block-carousel__button stk-block-carousel__button__prev\" aria-label=\"Previous slide\"><svg aria-hidden=\"true\" focusable=\"false\" data-prefix=\"fas\" data-icon=\"chevron-left\" class=\"svg-inline--fa fa-chevron-left\" xmlns=\"http:\/\/www.w3.org\/2000\/svg\" viewBox=\"0 0 320 512\" width=\"32\" height=\"32\"><path fill=\"currentColor\" d=\"M34.52 239.03L228.87 44.69c9.37-9.37 24.57-9.37 33.94 0l22.67 22.67c9.36 9.36 9.37 24.52.04 33.9L131.49 256l154.02 154.75c9.34 9.38 9.32 24.54-.04 33.9l-22.67 22.67c-9.37 9.37-24.57 9.37-33.94 0L34.52 272.97c-9.37-9.37-9.37-24.57 0-33.94z\"><\/path><\/svg><\/button><button class=\"stk-block-carousel__button stk-block-carousel__button__next\" aria-label=\"Next slide\"><svg aria-hidden=\"true\" focusable=\"false\" data-prefix=\"fas\" data-icon=\"chevron-right\" class=\"svg-inline--fa fa-chevron-right\" xmlns=\"http:\/\/www.w3.org\/2000\/svg\" viewBox=\"0 0 320 512\" width=\"32\" height=\"32\"><path fill=\"currentColor\" d=\"M285.476 272.971L91.132 467.314c-9.373 9.373-24.569 9.373-33.941 0l-22.667-22.667c-9.357-9.357-9.375-24.522-.04-33.901L188.505 256 34.484 101.255c-9.335-9.379-9.317-24.544.04-33.901l22.667-22.667c9.373-9.373 24.569-9.373 33.941 0L285.475 239.03c9.373 9.372 9.373 24.568.001 33.941z\"><\/path><\/svg><\/button><\/div><\/div><div class=\"stk-block-carousel__dots\" role=\"list\" data-label=\"Slide %%d\"><\/div><\/div><\/div>\n<\/div>\n<\/div><\/section>\n","protected":false},"excerpt":{"rendered":"","protected":false},"author":2,"featured_media":0,"parent":0,"menu_order":0,"comment_status":"closed","ping_status":"closed","template":"","meta":{"qubely_global_settings":"","qubely_interactions":"","_themeisle_gutenberg_block_has_review":false,"footnotes":""},"class_list":["post-2641","page","type-page","status-publish","hentry"],"blocksy_meta":{"styles_descriptor":{"styles":{"desktop":"","tablet":"","mobile":""},"google_fonts":[],"version":6},"page_title_panel":"","has_hero_section":"default","1a5931b407feb54df38c81f061ad2928":"","hero_section":"type-1","hero_elements":[{"id":"custom_title","enabled":true,"heading_tag":"h1","title":"Home"},{"id":"custom_description","enabled":true,"description_visibility":{"desktop":true,"tablet":true,"mobile":false}},{"id":"custom_meta","enabled":false,"meta_elements":[{"id":"author","enabled":true,"label":"By","has_author_avatar":"yes","avatar_size":25},{"id":"post_date","enabled":true,"label":"On","date_format_source":"default","date_format":"M j, Y"},{"id":"updated_date","enabled":false,"label":"On","date_format_source":"default","date_format":"M j, Y"},{"id":"categories","enabled":false,"label":"In","style":"simple"},{"id":"comments","enabled":true}],"page_meta_elements":{"joined":true,"articles_count":true,"comments":true}},{"id":"breadcrumbs","enabled":false}],"96ab44a488579e0d2842cad9635e6a06":"","hero_alignment1":"CT_CSS_SKIP_RULE","hero_margin":40,"hero_alignment2":"center","hero_vertical_alignment":"center","87178b712c47d1942c40b14978116017":"","hero_structure":"narrow","46fc3de362b9790bd51fdaa180991fa9":"","page_title_bg_type":"featured_image","custom_hero_background":{"attachment_id":null},"page_title_image_size":"full","parallax":{"desktop":false,"tablet":false,"mobile":false},"dc21ef94178d74a1b4aeaac70c391748":"","hero_height":"250px","pageTitleFont":{"family":"Default","variation":"Default","size":"30px","line-height":"CT_CSS_SKIP_RULE","letter-spacing":"CT_CSS_SKIP_RULE","text-transform":"CT_CSS_SKIP_RULE","text-decoration":"CT_CSS_SKIP_RULE"},"pageTitleFontColor":{"default":{"color":"CT_CSS_SKIP_RULEDEFAULT"}},"pageMetaFont":{"family":"Default","variation":"n6","size":"12px","line-height":"1.3","letter-spacing":"CT_CSS_SKIP_RULE","text-transform":"uppercase","text-decoration":"CT_CSS_SKIP_RULE"},"pageMetaFontColor":{"default":{"color":"CT_CSS_SKIP_RULEDEFAULT"},"hover":{"color":"CT_CSS_SKIP_RULEDEFAULT"}},"page_meta_button_type_font_colors":{"default":{"color":"CT_CSS_SKIP_RULEDEFAULT"},"hover":{"color":"CT_CSS_SKIP_RULEDEFAULT"}},"page_meta_button_type_background_colors":{"default":{"color":"CT_CSS_SKIP_RULEDEFAULT"},"hover":{"color":"CT_CSS_SKIP_RULEDEFAULT"}},"pageExcerptFont":{"family":"Default","variation":"Default","size":"CT_CSS_SKIP_RULE","line-height":"CT_CSS_SKIP_RULE","letter-spacing":"CT_CSS_SKIP_RULE","text-transform":"CT_CSS_SKIP_RULE","text-decoration":"CT_CSS_SKIP_RULE"},"pageExcerptColor":{"default":{"color":"CT_CSS_SKIP_RULEDEFAULT"}},"breadcrumbsFont":{"family":"Default","variation":"Default","size":"CT_CSS_SKIP_RULE","line-height":"CT_CSS_SKIP_RULE","letter-spacing":"CT_CSS_SKIP_RULE","text-transform":"CT_CSS_SKIP_RULE","text-decoration":"CT_CSS_SKIP_RULE"},"breadcrumbsFontColor":{"default":{"color":"CT_CSS_SKIP_RULEDEFAULT"},"initial":{"color":"CT_CSS_SKIP_RULEDEFAULT"},"hover":{"color":"CT_CSS_SKIP_RULEDEFAULT"}},"pageTitleOverlay":{"background_type":"color","background_pattern":"type-1","background_image":{"attachment_id":null,"x":0,"y":0},"gradient":"linear-gradient(135deg,rgba(6,147,227,1) 0%,rgb(155,81,224) 100%)","background_repeat":"repeat","background_size":"auto","background_attachment":"scroll","patternColor":{"default":{"color":"#e5e7ea"}},"overlayColor":{"default":{"color":"CT_CSS_SKIP_RULE"}},"backgroundColor":{"default":{"color":"CT_CSS_SKIP_RULE"}}},"pageTitleBackground":{"background_type":"color","background_pattern":"type-1","background_image":{"attachment_id":null,"x":0,"y":0},"gradient":"linear-gradient(135deg,rgba(6,147,227,1) 0%,rgb(155,81,224) 100%)","background_repeat":"repeat","background_size":"auto","background_attachment":"scroll","patternColor":{"default":{"color":"#e5e7ea"}},"overlayColor":{"default":{"color":"CT_CSS_SKIP_RULE"}},"backgroundColor":{"default":{"color":"var(--theme-palette-color-6)"}}},"pageTitlePadding":{"top":"50px","bottom":"50px","left":"auto","right":"auto","linked":true},"6092f62bf0f9a06fa5950ee53e4f821b":"","page_structure_type":"type-4","2a2a76554a2b1311c096aa04909cd23d":"","content_style_source":"inherit","content_style":"wide","vertical_spacing_source":"inherit","content_area_spacing":"both","background":{"background_type":"color","background_pattern":"type-1","background_image":{"attachment_id":null,"x":0,"y":0},"gradient":"linear-gradient(135deg,rgba(6,147,227,1) 0%,rgb(155,81,224) 100%)","background_repeat":"repeat","background_size":"auto","background_attachment":"scroll","patternColor":{"default":{"color":"#e5e7ea"}},"overlayColor":{"default":{"color":"CT_CSS_SKIP_RULE"}},"backgroundColor":{"default":{"color":"CT_CSS_SKIP_RULE"}}},"content_background":{"background_type":"color","background_pattern":"type-1","background_image":{"attachment_id":null,"x":0,"y":0},"gradient":"linear-gradient(135deg,rgba(6,147,227,1) 0%,rgb(155,81,224) 100%)","background_repeat":"repeat","background_size":"auto","background_attachment":"scroll","patternColor":{"default":{"color":"#e5e7ea"}},"overlayColor":{"default":{"color":"CT_CSS_SKIP_RULE"}},"backgroundColor":{"default":{"color":"var(--theme-palette-color-8)"}}},"content_boxed_shadow":{"inherit":false,"blur":18,"spread":-6,"v_offset":12,"h_offset":0,"inset":false,"enable":true,"color":{"color":"rgba(34, 56, 101, 0.04)"}},"content_boxed_border":{"width":1,"style":"none","color":{"color":"rgba(44,62,80,0.2)"}},"content_boxed_radius":{"top":"3px","bottom":"3px","left":"3px","right":"3px","linked":true},"boxed_content_spacing":{"desktop":{"top":"40px","bottom":"40px","left":"40px","right":"40px","linked":true},"tablet":{"top":"35px","bottom":"35px","left":"35px","right":"35px","linked":true},"mobile":{"top":"20px","bottom":"20px","left":"20px","right":"20px","linked":true}},"d70dc97a79323b053acb5f27d885db56":"","disable_featured_image":"no","disable_share_box":"no","disable_header":"no","disable_footer":"no"},"yoast_head":"<!-- This site is optimized with the Yoast SEO plugin v27.4 - https:\/\/yoast.com\/product\/yoast-seo-wordpress\/ -->\n<title>Transport \u00c9v\u00e9nementiel de Luxe - MS PRESTIGE SERVICE<\/title>\n<meta name=\"description\" content=\"Chauffeur priv\u00e9 pour mariages, soir\u00e9es, galas, festivals, congr\u00e8s. Transport VIP sur la C\u00f4te d\u2019Azur et Alpes. Service haut de gamme 24h\/24.\" \/>\n<meta name=\"robots\" content=\"index, follow, max-snippet:-1, max-image-preview:large, max-video-preview:-1\" \/>\n<link rel=\"canonical\" href=\"https:\/\/msprestigeservice.com\/fr\/transport-evenementiel\/\" \/>\n<meta property=\"og:locale\" content=\"fr_FR\" \/>\n<meta property=\"og:type\" content=\"article\" \/>\n<meta property=\"og:title\" content=\"Transport \u00c9v\u00e9nementiel de Luxe - MS PRESTIGE SERVICE\" \/>\n<meta property=\"og:description\" content=\"Chauffeur priv\u00e9 pour mariages, soir\u00e9es, galas, festivals, congr\u00e8s. Transport VIP sur la C\u00f4te d\u2019Azur et Alpes. Service haut de gamme 24h\/24.\" \/>\n<meta property=\"og:url\" content=\"https:\/\/msprestigeservice.com\/fr\/transport-evenementiel\/\" \/>\n<meta property=\"og:site_name\" content=\"MS PRESTIGE SERVICE\" \/>\n<meta property=\"article:modified_time\" content=\"2025-12-10T17:32:42+00:00\" \/>\n<meta property=\"og:image\" content=\"https:\/\/msprestigeservice.com\/wp-content\/uploads\/2023\/11\/IMG_3998.jpg\" \/>\n\t<meta property=\"og:image:width\" content=\"960\" \/>\n\t<meta property=\"og:image:height\" content=\"1280\" \/>\n\t<meta property=\"og:image:type\" content=\"image\/jpeg\" \/>\n<meta name=\"twitter:card\" content=\"summary_large_image\" \/>\n<meta name=\"twitter:label1\" content=\"Dur\u00e9e de lecture estim\u00e9e\" \/>\n\t<meta name=\"twitter:data1\" content=\"2 minutes\" \/>\n<script type=\"application\/ld+json\" class=\"yoast-schema-graph\">{\"@context\":\"https:\\\/\\\/schema.org\",\"@graph\":[{\"@type\":\"WebPage\",\"@id\":\"https:\\\/\\\/msprestigeservice.com\\\/fr\\\/transport-evenementiel\\\/\",\"url\":\"https:\\\/\\\/msprestigeservice.com\\\/fr\\\/transport-evenementiel\\\/\",\"name\":\"Transport \u00c9v\u00e9nementiel de Luxe - MS PRESTIGE SERVICE\",\"isPartOf\":{\"@id\":\"https:\\\/\\\/msprestigeservice.com\\\/fr\\\/#website\"},\"primaryImageOfPage\":{\"@id\":\"https:\\\/\\\/msprestigeservice.com\\\/fr\\\/transport-evenementiel\\\/#primaryimage\"},\"image\":{\"@id\":\"https:\\\/\\\/msprestigeservice.com\\\/fr\\\/transport-evenementiel\\\/#primaryimage\"},\"thumbnailUrl\":\"https:\\\/\\\/msprestigeservice.com\\\/wp-content\\\/uploads\\\/2023\\\/11\\\/IMG_3998-768x1024.jpg\",\"datePublished\":\"2023-11-23T12:38:54+00:00\",\"dateModified\":\"2025-12-10T17:32:42+00:00\",\"description\":\"Chauffeur priv\u00e9 pour mariages, soir\u00e9es, galas, festivals, congr\u00e8s. Transport VIP sur la C\u00f4te d\u2019Azur et Alpes. Service haut de gamme 24h\\\/24.\",\"breadcrumb\":{\"@id\":\"https:\\\/\\\/msprestigeservice.com\\\/fr\\\/transport-evenementiel\\\/#breadcrumb\"},\"inLanguage\":\"fr-FR\",\"potentialAction\":[{\"@type\":\"ReadAction\",\"target\":[\"https:\\\/\\\/msprestigeservice.com\\\/fr\\\/transport-evenementiel\\\/\"]}]},{\"@type\":\"ImageObject\",\"inLanguage\":\"fr-FR\",\"@id\":\"https:\\\/\\\/msprestigeservice.com\\\/fr\\\/transport-evenementiel\\\/#primaryimage\",\"url\":\"https:\\\/\\\/msprestigeservice.com\\\/wp-content\\\/uploads\\\/2023\\\/11\\\/IMG_3998-768x1024.jpg\",\"contentUrl\":\"https:\\\/\\\/msprestigeservice.com\\\/wp-content\\\/uploads\\\/2023\\\/11\\\/IMG_3998-768x1024.jpg\"},{\"@type\":\"BreadcrumbList\",\"@id\":\"https:\\\/\\\/msprestigeservice.com\\\/fr\\\/transport-evenementiel\\\/#breadcrumb\",\"itemListElement\":[{\"@type\":\"ListItem\",\"position\":1,\"name\":\"Home\",\"item\":\"https:\\\/\\\/msprestigeservice.com\\\/fr\\\/\"},{\"@type\":\"ListItem\",\"position\":2,\"name\":\"Transport \u00c9v\u00e9nementiel de Luxe\"}]},{\"@type\":\"WebSite\",\"@id\":\"https:\\\/\\\/msprestigeservice.com\\\/fr\\\/#website\",\"url\":\"https:\\\/\\\/msprestigeservice.com\\\/fr\\\/\",\"name\":\"MS PRESTIGE SERVICE\",\"description\":\"Transferts VIP dans le sud de la France\",\"publisher\":{\"@id\":\"https:\\\/\\\/msprestigeservice.com\\\/fr\\\/#organization\"},\"potentialAction\":[{\"@type\":\"SearchAction\",\"target\":{\"@type\":\"EntryPoint\",\"urlTemplate\":\"https:\\\/\\\/msprestigeservice.com\\\/fr\\\/?s={search_term_string}\"},\"query-input\":{\"@type\":\"PropertyValueSpecification\",\"valueRequired\":true,\"valueName\":\"search_term_string\"}}],\"inLanguage\":\"fr-FR\"},{\"@type\":\"Organization\",\"@id\":\"https:\\\/\\\/msprestigeservice.com\\\/fr\\\/#organization\",\"name\":\"MS PRESTIGE SERVICE\",\"url\":\"https:\\\/\\\/msprestigeservice.com\\\/fr\\\/\",\"logo\":{\"@type\":\"ImageObject\",\"inLanguage\":\"fr-FR\",\"@id\":\"https:\\\/\\\/msprestigeservice.com\\\/fr\\\/#\\\/schema\\\/logo\\\/image\\\/\",\"url\":\"https:\\\/\\\/msprestigeservice.com\\\/wp-content\\\/uploads\\\/2022\\\/05\\\/cropped-Logo_Vertical_BW_MSPS-OnWhite.png\",\"contentUrl\":\"https:\\\/\\\/msprestigeservice.com\\\/wp-content\\\/uploads\\\/2022\\\/05\\\/cropped-Logo_Vertical_BW_MSPS-OnWhite.png\",\"width\":512,\"height\":512,\"caption\":\"MS PRESTIGE SERVICE\"},\"image\":{\"@id\":\"https:\\\/\\\/msprestigeservice.com\\\/fr\\\/#\\\/schema\\\/logo\\\/image\\\/\"}}]}<\/script>\n<!-- \/ Yoast SEO plugin. -->","yoast_head_json":{"title":"Transport \u00c9v\u00e9nementiel de Luxe - MS PRESTIGE SERVICE","description":"Chauffeur priv\u00e9 pour mariages, soir\u00e9es, galas, festivals, congr\u00e8s. Transport VIP sur la C\u00f4te d\u2019Azur et Alpes. Service haut de gamme 24h\/24.","robots":{"index":"index","follow":"follow","max-snippet":"max-snippet:-1","max-image-preview":"max-image-preview:large","max-video-preview":"max-video-preview:-1"},"canonical":"https:\/\/msprestigeservice.com\/fr\/transport-evenementiel\/","og_locale":"fr_FR","og_type":"article","og_title":"Transport \u00c9v\u00e9nementiel de Luxe - MS PRESTIGE SERVICE","og_description":"Chauffeur priv\u00e9 pour mariages, soir\u00e9es, galas, festivals, congr\u00e8s. Transport VIP sur la C\u00f4te d\u2019Azur et Alpes. Service haut de gamme 24h\/24.","og_url":"https:\/\/msprestigeservice.com\/fr\/transport-evenementiel\/","og_site_name":"MS PRESTIGE SERVICE","article_modified_time":"2025-12-10T17:32:42+00:00","og_image":[{"width":960,"height":1280,"url":"https:\/\/msprestigeservice.com\/wp-content\/uploads\/2023\/11\/IMG_3998.jpg","type":"image\/jpeg"}],"twitter_card":"summary_large_image","twitter_misc":{"Dur\u00e9e de lecture estim\u00e9e":"2 minutes"},"schema":{"@context":"https:\/\/schema.org","@graph":[{"@type":"WebPage","@id":"https:\/\/msprestigeservice.com\/fr\/transport-evenementiel\/","url":"https:\/\/msprestigeservice.com\/fr\/transport-evenementiel\/","name":"Transport \u00c9v\u00e9nementiel de Luxe - MS PRESTIGE SERVICE","isPartOf":{"@id":"https:\/\/msprestigeservice.com\/fr\/#website"},"primaryImageOfPage":{"@id":"https:\/\/msprestigeservice.com\/fr\/transport-evenementiel\/#primaryimage"},"image":{"@id":"https:\/\/msprestigeservice.com\/fr\/transport-evenementiel\/#primaryimage"},"thumbnailUrl":"https:\/\/msprestigeservice.com\/wp-content\/uploads\/2023\/11\/IMG_3998-768x1024.jpg","datePublished":"2023-11-23T12:38:54+00:00","dateModified":"2025-12-10T17:32:42+00:00","description":"Chauffeur priv\u00e9 pour mariages, soir\u00e9es, galas, festivals, congr\u00e8s. Transport VIP sur la C\u00f4te d\u2019Azur et Alpes. Service haut de gamme 24h\/24.","breadcrumb":{"@id":"https:\/\/msprestigeservice.com\/fr\/transport-evenementiel\/#breadcrumb"},"inLanguage":"fr-FR","potentialAction":[{"@type":"ReadAction","target":["https:\/\/msprestigeservice.com\/fr\/transport-evenementiel\/"]}]},{"@type":"ImageObject","inLanguage":"fr-FR","@id":"https:\/\/msprestigeservice.com\/fr\/transport-evenementiel\/#primaryimage","url":"https:\/\/msprestigeservice.com\/wp-content\/uploads\/2023\/11\/IMG_3998-768x1024.jpg","contentUrl":"https:\/\/msprestigeservice.com\/wp-content\/uploads\/2023\/11\/IMG_3998-768x1024.jpg"},{"@type":"BreadcrumbList","@id":"https:\/\/msprestigeservice.com\/fr\/transport-evenementiel\/#breadcrumb","itemListElement":[{"@type":"ListItem","position":1,"name":"Home","item":"https:\/\/msprestigeservice.com\/fr\/"},{"@type":"ListItem","position":2,"name":"Transport \u00c9v\u00e9nementiel de Luxe"}]},{"@type":"WebSite","@id":"https:\/\/msprestigeservice.com\/fr\/#website","url":"https:\/\/msprestigeservice.com\/fr\/","name":"MS PRESTIGE SERVICE","description":"Transferts VIP dans le sud de la France","publisher":{"@id":"https:\/\/msprestigeservice.com\/fr\/#organization"},"potentialAction":[{"@type":"SearchAction","target":{"@type":"EntryPoint","urlTemplate":"https:\/\/msprestigeservice.com\/fr\/?s={search_term_string}"},"query-input":{"@type":"PropertyValueSpecification","valueRequired":true,"valueName":"search_term_string"}}],"inLanguage":"fr-FR"},{"@type":"Organization","@id":"https:\/\/msprestigeservice.com\/fr\/#organization","name":"MS PRESTIGE SERVICE","url":"https:\/\/msprestigeservice.com\/fr\/","logo":{"@type":"ImageObject","inLanguage":"fr-FR","@id":"https:\/\/msprestigeservice.com\/fr\/#\/schema\/logo\/image\/","url":"https:\/\/msprestigeservice.com\/wp-content\/uploads\/2022\/05\/cropped-Logo_Vertical_BW_MSPS-OnWhite.png","contentUrl":"https:\/\/msprestigeservice.com\/wp-content\/uploads\/2022\/05\/cropped-Logo_Vertical_BW_MSPS-OnWhite.png","width":512,"height":512,"caption":"MS PRESTIGE SERVICE"},"image":{"@id":"https:\/\/msprestigeservice.com\/fr\/#\/schema\/logo\/image\/"}}]}},"_links":{"self":[{"href":"https:\/\/msprestigeservice.com\/fr\/wp-json\/wp\/v2\/pages\/2641","targetHints":{"allow":["GET"]}}],"collection":[{"href":"https:\/\/msprestigeservice.com\/fr\/wp-json\/wp\/v2\/pages"}],"about":[{"href":"https:\/\/msprestigeservice.com\/fr\/wp-json\/wp\/v2\/types\/page"}],"author":[{"embeddable":true,"href":"https:\/\/msprestigeservice.com\/fr\/wp-json\/wp\/v2\/users\/2"}],"replies":[{"embeddable":true,"href":"https:\/\/msprestigeservice.com\/fr\/wp-json\/wp\/v2\/comments?post=2641"}],"version-history":[{"count":8,"href":"https:\/\/msprestigeservice.com\/fr\/wp-json\/wp\/v2\/pages\/2641\/revisions"}],"predecessor-version":[{"id":2856,"href":"https:\/\/msprestigeservice.com\/fr\/wp-json\/wp\/v2\/pages\/2641\/revisions\/2856"}],"wp:attachment":[{"href":"https:\/\/msprestigeservice.com\/fr\/wp-json\/wp\/v2\/media?parent=2641"}],"curies":[{"name":"wp","href":"https:\/\/api.w.org\/{rel}","templated":true}]}}